{"id":47,"date":"2025-05-07T22:46:47","date_gmt":"2025-05-07T22:46:47","guid":{"rendered":"https:\/\/examendetitres.ca\/?page_id=47"},"modified":"2025-05-08T01:00:49","modified_gmt":"2025-05-08T01:00:49","slug":"accueil","status":"publish","type":"page","link":"https:\/\/examendetitres.ca\/","title":{"rendered":"Accueil"},"content":{"rendered":"\n\n\n\n\n\n\n\n\n\n\n\n\n<p style=\"color: rgb(127, 127, 127);\">Nous sommes la r\u00e9f\u00e9rence pour vos recherches.<\/p>\n\n\n\n\n\n<p style=\"color: rgb(127, 127, 127);\">Document sign\u00e9 \u00e9lectroniquement et valid\u00e9 par un notaire.<\/p>\n\n\n\n\n\n<p style=\"color: rgb(127, 127, 127);\">Votre d\u00e9lai, nous nous en chargeons.<\/p>\n\n\n\n\n<p>Lorem Ipsum has been the industry&rsquo;s standard dummy text ever since the 1500s.<\/p>\n\n\n<h2>Me Robert Jean<\/h2>\n<p>Dipl\u00f4m\u00e9 de l\u2019Universit\u00e9 Laval (Ste-Foy) en 1983, Me Jean a d\u2019abord d\u00e9but\u00e9 le notariat dans sa r\u00e9gion natale du Saguenay, pour ensuite poursuivre sa carri\u00e8re de notaire dans la grande r\u00e9gion de Montr\u00e9al. <\/p>\n<p>En 2018, Me Jean lance son service de recherche de titres afin d\u2019aider les \u00e9tudes notariales \u00e0 optimiser leur temps en lui confiant cette \u00e9tape cl\u00e9 du processus.<\/p>\n\n\n\n\n<h2>Nous joindre<\/h2>\n<p>Pour une \u00e9tude efficace de vos demandes de recherche, contactez-nous par courriel ou par t\u00e9l\u00e9phone.<br><br>Par Courriel :&nbsp;<strong><span style=\"font-size:12.0pt;line-height:115%;\nfont-family:&quot;Aptos&quot;,sans-serif;mso-ascii-theme-font:minor-latin;mso-fareast-font-family:\nAptos;mso-fareast-theme-font:minor-latin;mso-hansi-theme-font:minor-latin;\nmso-bidi-font-family:&quot;Times New Roman&quot;;mso-bidi-theme-font:minor-bidi;\nmso-ansi-language:FR-CA;mso-fareast-language:EN-US;mso-bidi-language:AR-SA\"><a href=\"mailto:robert.jean@notarius.net\">notaire@notarius.net<\/a><br><\/span><\/strong><span style=\"text-decoration-style: initial;\">Par T\u00e9l\u00e9phone : 1-438-368-8320<\/span><\/p>\n\n\n\n\n\n\n\n","protected":false},"excerpt":{"rendered":"","protected":false},"author":1,"featured_media":0,"parent":0,"menu_order":0,"comment_status":"closed","ping_status":"closed","template":"","meta":{"pagelayer_contact_templates":[],"_pagelayer_content":"","footnotes":""},"class_list":["post-47","page","type-page","status-publish","hentry"],"_links":{"self":[{"href":"https:\/\/examendetitres.ca\/index.php?rest_route=\/wp\/v2\/pages\/47","targetHints":{"allow":["GET"]}}],"collection":[{"href":"https:\/\/examendetitres.ca\/index.php?rest_route=\/wp\/v2\/pages"}],"about":[{"href":"https:\/\/examendetitres.ca\/index.php?rest_route=\/wp\/v2\/types\/page"}],"author":[{"embeddable":true,"href":"https:\/\/examendetitres.ca\/index.php?rest_route=\/wp\/v2\/users\/1"}],"replies":[{"embeddable":true,"href":"https:\/\/examendetitres.ca\/index.php?rest_route=%2Fwp%2Fv2%2Fcomments&post=47"}],"version-history":[{"count":15,"href":"https:\/\/examendetitres.ca\/index.php?rest_route=\/wp\/v2\/pages\/47\/revisions"}],"predecessor-version":[{"id":116,"href":"https:\/\/examendetitres.ca\/index.php?rest_route=\/wp\/v2\/pages\/47\/revisions\/116"}],"wp:attachment":[{"href":"https:\/\/examendetitres.ca\/index.php?rest_route=%2Fwp%2Fv2%2Fmedia&parent=47"}],"curies":[{"name":"wp","href":"https:\/\/api.w.org\/{rel}","templated":true}]}}